{"id":1402,"date":"2015-06-11T21:31:54","date_gmt":"2015-06-11T21:31:54","guid":{"rendered":"http:\/\/lookjoya.com\/es\/?page_id=1402"},"modified":"2020-04-08T09:29:19","modified_gmt":"2020-04-08T09:29:19","slug":"forma-de-pedido","status":"publish","type":"page","link":"https:\/\/lookjoya.es\/es\/forma-de-pedido\/","title":{"rendered":"C\u00f3mo Comprar"},"content":{"rendered":"<p>[vc_row css_animation=\u00bb\u00bb row_type=\u00bbrow\u00bb use_row_as_full_screen_section=\u00bbno\u00bb type=\u00bbfull_width\u00bb angled_section=\u00bbno\u00bb text_align=\u00bbleft\u00bb background_image_as_pattern=\u00bbwithout_pattern\u00bb css=\u00bb.vc_custom_1586338145644{margin-top: 25px !important;margin-bottom: 75px !important;}\u00bb z_index=\u00bb\u00bb][vc_column][vc_column_text]<\/p>\n<p style=\"text-align: justify;\">La web <strong>Lookjoya.com<\/strong> ha sido creada para difundir y dar a conocer y la patente de\u00a0 M. J. Casado sobre embellecedores desmontables para gafas, proyecto que ha sido desarrollado por diferentes artistas joyeros y artesanos.<\/p>\n<p style=\"text-align: justify;\">Desde Lookjoya facilitamos el contacto de cada uno de los creadores, para que el cliente pueda contactar directamente con el creador de la pieza por la que esta interesado, y pueda realizar las consultas pertinentes, as\u00ed como la personalizaci\u00f3n de su pedido.<\/p>\n<p style=\"text-align: justify;\"><strong>El pedido, forma de env\u00edo y pago, se acordar\u00e1 entre el cliente y el creador de la pieza elegida.<\/strong><\/p>\n<p style=\"text-align: justify;\">Dentro de cada producto podr\u00e1 encontar una pesta\u00f1a que llamada formulario de pedido, este formulario llegar\u00e1 directamente al creador de la pieza seleccionada el cual contactar\u00e1 directamente con el cliente para proporcionarle la informaci\u00f3n necesaria sobre el m\u00e9todo de pago y env\u00edo, as\u00ed como los plazos de entrega.<\/p>\n<p style=\"text-align: justify;\"><strong>Lookjoya no recoge ning\u00fan dato de clientes<\/strong>, \u00fanica y exclusivamente se limita a difundir la idea patentada y facilitar la comunicaci\u00f3n entre clientes y los creadores de cada una de la piezas.<\/p>\n<p>[\/vc_column_text][\/vc_column][\/vc_row]<\/p>\n","protected":false},"excerpt":{"rendered":"<p>[vc_row css_animation=\u00bb\u00bb row_type=\u00bbrow\u00bb use_row_as_full_screen_section=\u00bbno\u00bb type=\u00bbfull_width\u00bb angled_section=\u00bbno\u00bb text_align=\u00bbleft\u00bb background_image_as_pattern=\u00bbwithout_pattern\u00bb css=\u00bb.vc_custom_1586338145644{margin-top: 25px !important;margin-bottom: 75px !important;}\u00bb z_index=\u00bb\u00bb][vc_column][vc_column_text] La web Lookjoya.com ha sido creada para difundir y dar a conocer y la patente de\u00a0 M. J. Casado sobre embellecedores desmontables para gafas, proyecto que ha sido desarrollado por diferentes&#8230;<\/p>\n","protected":false},"author":2,"featured_media":0,"parent":0,"menu_order":0,"comment_status":"open","ping_status":"open","template":"","meta":{"_mi_skip_tracking":false},"_links":{"self":[{"href":"https:\/\/lookjoya.es\/es\/wp-json\/wp\/v2\/pages\/1402"}],"collection":[{"href":"https:\/\/lookjoya.es\/es\/wp-json\/wp\/v2\/pages"}],"about":[{"href":"https:\/\/lookjoya.es\/es\/wp-json\/wp\/v2\/types\/page"}],"author":[{"embeddable":true,"href":"https:\/\/lookjoya.es\/es\/wp-json\/wp\/v2\/users\/2"}],"replies":[{"embeddable":true,"href":"https:\/\/lookjoya.es\/es\/wp-json\/wp\/v2\/comments?post=1402"}],"version-history":[{"count":5,"href":"https:\/\/lookjoya.es\/es\/wp-json\/wp\/v2\/pages\/1402\/revisions"}],"predecessor-version":[{"id":1650,"href":"https:\/\/lookjoya.es\/es\/wp-json\/wp\/v2\/pages\/1402\/revisions\/1650"}],"wp:attachment":[{"href":"https:\/\/lookjoya.es\/es\/wp-json\/wp\/v2\/media?parent=1402"}],"curies":[{"name":"wp","href":"https:\/\/api.w.org\/{rel}","templated":true}]}}