{"id":1147,"date":"2015-01-16T12:54:40","date_gmt":"2015-01-16T12:54:40","guid":{"rendered":"http:\/\/lookjoya.com\/es\/?page_id=1147"},"modified":"2020-04-08T09:16:09","modified_gmt":"2020-04-08T09:16:09","slug":"como-funciona","status":"publish","type":"page","link":"https:\/\/lookjoya.es\/es\/como-funciona\/","title":{"rendered":"C\u00f3mo funciona"},"content":{"rendered":"<p>[vc_row css_animation=\u00bb\u00bb row_type=\u00bbrow\u00bb use_row_as_full_screen_section=\u00bbno\u00bb type=\u00bbfull_width\u00bb angled_section=\u00bbno\u00bb text_align=\u00bbleft\u00bb background_image_as_pattern=\u00bbwithout_pattern\u00bb css=\u00bb.vc_custom_1586337261826{margin-top: 25px !important;margin-bottom: 50px !important;}\u00bb z_index=\u00bb\u00bb][vc_column][vc_video link=\u00bbhttps:\/\/youtu.be\/WZps_4znIpw\u00bb][\/vc_column][\/vc_row][vc_row css_animation=\u00bb\u00bb row_type=\u00bbrow\u00bb use_row_as_full_screen_section=\u00bbno\u00bb type=\u00bbfull_width\u00bb angled_section=\u00bbno\u00bb text_align=\u00bbleft\u00bb background_image_as_pattern=\u00bbwithout_pattern\u00bb][vc_column][vc_column_text]<\/p>\n<h1 style=\"text-align: center;\">Tus gafas de moda, ideas para regalar!<\/h1>\n<p>&nbsp;<\/p>\n<p style=\"text-align: justify;\">Ofrecer al usuario de gafas un sistema f\u00e1cil, c\u00f3modo y sencillo de cambiar de modelo seg\u00fan las circunstancias de su vida (diarias, festivas, ceremoniosas&#8230;) sin verse obligado a unos desembolsos no siempre posibles, sin afectar ni da\u00f1ar el objeto principal que son las gafas. Es decir: poder cambiar el estilo de tus gafas sin cambiar las gafas propiamente dichas, <strong>pon tus gafas de moda!<\/strong><\/p>\n<p style=\"text-align: justify;\">La invenci\u00f3n no lo es de cada modelo que a t\u00edtulo de muestra se exhibe, sino de los mecanismos que permiten su montaje y posterior desmontabilidad.<\/p>\n<p style=\"text-align: justify;\"><strong>C\u00f3mo funciona<\/strong><\/p>\n<p style=\"text-align: justify;\">Dada la existencia de una montura con sus lentes y unas patillas para sujetarse al usuario, el dispositivo de la invenci\u00f3n consiste en <strong>accesorios para tus gafas<\/strong> que se sujetan a las patillas de las gafas mediante unos medios de sujeci\u00f3n desmontables que consisten en unos soportes envolventes que abrazan al menos parcialmente a las patillas de las gafas. Soportes \u00e9stos plasmados en varillas o garras realizadas en metales maleables (plata, oro, plata dorada, aleaciones&#8230;) o bien en materia textil el\u00e1stica con estructura tubular que se adaptan perfectamente a la patilla, logrando una total inmovilizaci\u00f3n de los adornos adosados a dicho material.<\/p>\n<p style=\"text-align: justify;\">Modelo de Utilidad registrado en la Oficina de Patentes y Marcas de Espa\u00f1a, Certificado-T\u00edtulo concedido el 11 de Junio de 2014.<\/p>\n<p>[\/vc_column_text][vc_empty_space height=\u00bb75&#8243;][\/vc_column][\/vc_row]<\/p>\n","protected":false},"excerpt":{"rendered":"<p>[vc_row css_animation=\u00bb\u00bb row_type=\u00bbrow\u00bb use_row_as_full_screen_section=\u00bbno\u00bb type=\u00bbfull_width\u00bb angled_section=\u00bbno\u00bb text_align=\u00bbleft\u00bb background_image_as_pattern=\u00bbwithout_pattern\u00bb css=\u00bb.vc_custom_1586337261826{margin-top: 25px !important;margin-bottom: 50px !important;}\u00bb z_index=\u00bb\u00bb][vc_column][vc_video link=\u00bbhttps:\/\/youtu.be\/WZps_4znIpw\u00bb][\/vc_column][\/vc_row][vc_row css_animation=\u00bb\u00bb row_type=\u00bbrow\u00bb use_row_as_full_screen_section=\u00bbno\u00bb type=\u00bbfull_width\u00bb angled_section=\u00bbno\u00bb text_align=\u00bbleft\u00bb background_image_as_pattern=\u00bbwithout_pattern\u00bb][vc_column][vc_column_text] Tus gafas de moda, ideas para regalar! &nbsp; Ofrecer al usuario de gafas un sistema f\u00e1cil, c\u00f3modo y sencillo de cambiar de modelo&#8230;<\/p>\n","protected":false},"author":2,"featured_media":0,"parent":0,"menu_order":0,"comment_status":"open","ping_status":"open","template":"","meta":{"_mi_skip_tracking":false},"_links":{"self":[{"href":"https:\/\/lookjoya.es\/es\/wp-json\/wp\/v2\/pages\/1147"}],"collection":[{"href":"https:\/\/lookjoya.es\/es\/wp-json\/wp\/v2\/pages"}],"about":[{"href":"https:\/\/lookjoya.es\/es\/wp-json\/wp\/v2\/types\/page"}],"author":[{"embeddable":true,"href":"https:\/\/lookjoya.es\/es\/wp-json\/wp\/v2\/users\/2"}],"replies":[{"embeddable":true,"href":"https:\/\/lookjoya.es\/es\/wp-json\/wp\/v2\/comments?post=1147"}],"version-history":[{"count":5,"href":"https:\/\/lookjoya.es\/es\/wp-json\/wp\/v2\/pages\/1147\/revisions"}],"predecessor-version":[{"id":1640,"href":"https:\/\/lookjoya.es\/es\/wp-json\/wp\/v2\/pages\/1147\/revisions\/1640"}],"wp:attachment":[{"href":"https:\/\/lookjoya.es\/es\/wp-json\/wp\/v2\/media?parent=1147"}],"curies":[{"name":"wp","href":"https:\/\/api.w.org\/{rel}","templated":true}]}}